{"id":366,"date":"2025-12-09T11:45:29","date_gmt":"2025-12-09T11:45:29","guid":{"rendered":"https:\/\/ravensteinamhallacker.com\/home\/"},"modified":"2026-04-09T09:48:14","modified_gmt":"2026-04-09T09:48:14","slug":"home","status":"publish","type":"page","link":"https:\/\/ravensteinamhallacker.com\/de\/","title":{"rendered":"Startseite"},"content":{"rendered":"<div data-spectra-id=\"spectra-12003d02\"\tstyle=\"overflow: visible; --spectra-text-color: ast-global-color-5; --spectra-background-color: #1f3d2b; --spectra-overlay-opacity: 0.75; --spectra-box-shadow: 0px 0px 0px 0px #ffffff;\" class=\"spectra-is-root-container alignfull spectra-overlay-color spectra-overflow spectra-text-color spectra-background-color spectra-dim-ratio spectra-box-shadow  wp-elements-9c1d27a71ec545aa1e7d1c5b4500c465 wp-block-spectra-container has-text-color has-ast-global-color-5-color\" data-orientation=\"vertical\"\t>\n\t\n\n<p class=\"has-ast-global-color-0-color has-text-color has-link-color has-large-font-size wp-elements-995004f0a87a3bd271bd293fac0c79b0\"><strong>Willkommen auf unserer Website<\/strong><\/p>\n\n<\/div>\n\n\n<div data-spectra-id=\"spectra-mhjpu8mv-bfr6db\"\tstyle=\"overflow: visible; --spectra-background-color: #1f3d2b;\" class=\"spectra-is-root-container alignfull spectra-overlay-color spectra-overflow spectra-background-color wp-block-spectra-container\" data-orientation=\"vertical\"\t>\n\t\n<div data-spectra-id=\"693c1520\" style=\"overflow: visible;--spectra-background-color: #1f3d2b;--spectra-overlay-opacity: 1\" class=\"spectra-overlay-color spectra-overflow spectra-background-color spectra-dim-ratio wp-block-spectra-container\" data-orientation=\"vertical\">\n\t\n<div data-spectra-id=\"3ac331c6\" style=\"overflow: visible;--spectra-overlay-opacity: 1;--spectra-z-index: 3\" class=\"spectra-overlay-color spectra-overflow spectra-dim-ratio wp-block-spectra-container has-z-index\" data-orientation=\"vertical\">\n\t\n\t<h2 data-spectra-id=\"spectra-57d556dc-title\" style=\"--spectra-text-color: ast-global-color-0\" class=\"has-text-color has-link-color spectra-text-color  wp-elements-be65c20f1f76bb035139c6c52c7aa80d wp-block-spectra-content has-text-color has-ast-global-color-0-color\">\n\t\tRavenstein am Hallacker entdecken\t<\/h2>\n\n\n\t<p data-spectra-id=\"spectra-57d556dc-desc\" style=\"--spectra-text-color: ast-global-color-4\" class=\"has-text-color has-link-color spectra-text-color  wp-elements-cc50e9184d3cda2ecd40eb3bf16d0094 wp-block-spectra-content has-text-color has-ast-global-color-4-color\">\n\t\tBei uns kochen wir mit viel Liebe und Gef\u00fchl f\u00fcr die Region.  Neben bekannten Klassikern bieten wir regelm\u00e4\u00dfig <strong>frische hausgemachte Sauerland-Spezialit\u00e4ten<\/strong> auf der Speisekarte - Gerichte, die sich aus dem ergeben, was die Umgebung gerade zu bieten hat.<br>Da diese Spezialit\u00e4ten mit Sorgfalt und in begrenzten Mengen zubereitet werden, sind sie nur auf Vorbestellung erh\u00e4ltlich. So bleibt jedes Gericht frisch, handwerklich und besonders. Kein \u00dcberma\u00df, sondern eine bewusste Auswahl, mit Raum f\u00fcr Geschmack und Tradition.<br>Ravenstein ist also ein Ort f\u00fcr alle, die gerne Ruhe und Entspannung genie\u00dfen. Von gutem Essen, von einer entspannten, kinderfreundlichen Atmosph\u00e4re und von Gerichten, die nicht nur satt machen, sondern auch etwas \u00fcber die Region erz\u00e4hlen, in der sie entstanden sind.\t<\/p>\n\n\n\n<figure data-spectra-id=\"spectra-f2ea9290-img\" class=\"wp-block-image size-full is-resized\"><img loading=\"lazy\" decoding=\"async\" width=\"1638\" height=\"2048\" src=\"https:\/\/ravensteinamhallacker.com\/wp-content\/uploads\/2026\/01\/IMG-20260121-WA0019.jpg\" alt=\"img 20260121 wa0019\" class=\"wp-image-3992\" title=\"Gute Laune\" srcset=\"https:\/\/ravensteinamhallacker.com\/wp-content\/uploads\/2026\/01\/IMG-20260121-WA0019.jpg 1638w, https:\/\/ravensteinamhallacker.com\/wp-content\/uploads\/2026\/01\/IMG-20260121-WA0019-240x300.jpg 240w, https:\/\/ravensteinamhallacker.com\/wp-content\/uploads\/2026\/01\/IMG-20260121-WA0019-819x1024.jpg 819w, https:\/\/ravensteinamhallacker.com\/wp-content\/uploads\/2026\/01\/IMG-20260121-WA0019-768x960.jpg 768w, https:\/\/ravensteinamhallacker.com\/wp-content\/uploads\/2026\/01\/IMG-20260121-WA0019-1229x1536.jpg 1229w\" sizes=\"auto, (max-width: 1638px) 100vw, 1638px\" \/><\/figure>\n\n\n\t<h5 data-spectra-id=\"spectra-f2ea9290-title\" style=\"--spectra-text-color: ast-global-color-0\" class=\"has-text-color has-link-color spectra-text-color  wp-elements-c4e38773f8cb3f9abb9e6e4bd88be87e wp-block-spectra-content has-text-color has-ast-global-color-0-color\">\n\t\t<strong>Wo Holz auf Licht trifft<\/strong>\t<\/h5>\n\n\n\t<p data-spectra-id=\"spectra-f2ea9290-desc\" style=\"color:#1f3d2b\" class=\"has-link-color  wp-elements-74eeb4f05e6cb8e5a56466604716804e wp-block-spectra-content has-text-color\">\n\t\tEin gem\u00fctlicher, modern-rustikaler Speisesaal, Blick \u00fcber das Tal und Platz zum Verweilen.\t<\/p>\n\n<\/div>\n\n\n<div data-spectra-id=\"7cca5ed6\" style=\"overflow: visible;--spectra-text-color: ast-global-color-4;--spectra-background-color: #1f3d2b;--spectra-overlay-opacity: 1\" class=\"spectra-overlay-color spectra-overflow spectra-text-color spectra-background-color spectra-dim-ratio  wp-elements-15f13e6bf0637b1d4c4dc757e43f9248 wp-block-spectra-container has-text-color has-ast-global-color-4-color\" data-orientation=\"vertical\">\n\t\n\n<figure data-spectra-id=\"spectra-mkvdsz7b-qrs6u9\" class=\"wp-block-image size-large is-style-default\"><img loading=\"lazy\" decoding=\"async\" width=\"1024\" height=\"1024\" src=\"https:\/\/ravensteinamhallacker.com\/wp-content\/uploads\/2026\/01\/WhatsApp-Image-2026-01-27-at-13.39.41-1024x1024.jpeg\" alt=\"whatsapp image 2026 01 27 at 13.39.41\" class=\"wp-image-4033\" title=\"Startseite\" srcset=\"https:\/\/ravensteinamhallacker.com\/wp-content\/uploads\/2026\/01\/WhatsApp-Image-2026-01-27-at-13.39.41-1024x1024.jpeg 1024w, https:\/\/ravensteinamhallacker.com\/wp-content\/uploads\/2026\/01\/WhatsApp-Image-2026-01-27-at-13.39.41-300x300.jpeg 300w, https:\/\/ravensteinamhallacker.com\/wp-content\/uploads\/2026\/01\/WhatsApp-Image-2026-01-27-at-13.39.41-150x150.jpeg 150w, https:\/\/ravensteinamhallacker.com\/wp-content\/uploads\/2026\/01\/WhatsApp-Image-2026-01-27-at-13.39.41-768x768.jpeg 768w, https:\/\/ravensteinamhallacker.com\/wp-content\/uploads\/2026\/01\/WhatsApp-Image-2026-01-27-at-13.39.41.jpeg 1536w\" sizes=\"auto, (max-width: 1024px) 100vw, 1024px\" \/><\/figure>\n\n\n\t<h5 data-spectra-id=\"spectra-e6c2bd5f-title\" style=\"--spectra-text-color: ast-global-color-0\" class=\"has-text-color has-link-color spectra-text-color  wp-elements-f3066776b1c9c8c5b15e1ba52b36209a wp-block-spectra-content has-text-color has-ast-global-color-0-color\">\n\t\tDas Nest des Raben\t<\/h5>\n\n\n\t<p data-spectra-id=\"spectra-e6c2bd5f-desc\" style=\"--spectra-text-color: ast-global-color-4\" class=\"has-text-color has-link-color spectra-text-color  wp-elements-ecc14deb748497124a39a70df8d1a42a wp-block-spectra-content has-text-color has-ast-global-color-4-color\">\n\t\tF\u00fcr Familien mit Kindern ist das Rabennest ein Ort, an dem Spiel und Entspannung auf nat\u00fcrliche Weise Hand in Hand gehen. Dieser zertifizierte und vollst\u00e4ndig eingez\u00e4unte Spielplatz im Gr\u00fcnen von Hallacker ist so angelegt, dass die kleinen Raben frei spielen und erkunden k\u00f6nnen, w\u00e4hrend die Eltern in der N\u00e4he entspannen.<br>\u00dcber all dies wachen <strong>Stein de Raaf<\/strong>, das Maskottchen des Ravennest. Ein bisschen schelmisch, immer neugierig und kinderlieb - aber vor allem ein vertrautes Gesicht, das dem Ravennest seinen unverwechselbaren Charakter verleiht.<br>F\u00fcr die Kleinsten gibt es einen Bereich, der mit einem Sandkasten und individuellen Spielelementen ausgestattet ist. \u00c4ltere Kinder k\u00f6nnen sich auf dem gro\u00dfen Spielturm oder der Seilbahn austoben, mit viel Platz zum Klettern, Laufen und Drau\u00dfensein. Alles ist so eingerichtet, dass das Spielen ganz nat\u00fcrlich abl\u00e4uft und die Beaufsichtigung einfach bleibt.<br>Von der Terrasse aus haben Sie einen direkten Blick auf das Ravennest, so dass die Kinder sicher spielen k\u00f6nnen, w\u00e4hrend Sie entspannt eine Tasse Kaffee oder ein gutes Glas in Reichweite haben. Ge\u00f6ffnet von April bis Oktober, ist das Ravennest eine nat\u00fcrliche Erweiterung des Restaurants - mitten in der Hallacker Landschaft.\t<\/p>\n\n\n\n<figure data-spectra-id=\"spectra-14993c8f-img\" class=\"wp-block-image size-large is-resized\"><img loading=\"lazy\" decoding=\"async\" width=\"683\" height=\"1024\" src=\"https:\/\/ravensteinamhallacker.com\/wp-content\/uploads\/2026\/01\/ChatGPT-Image-9-jan-2026-21_28_28-683x1024.png\" alt=\"chatgpt image 9 jan 2026, 21 28 28\" class=\"wp-image-3891\" title=\"Entspannungs-Atmosph\u00e4re\" srcset=\"https:\/\/ravensteinamhallacker.com\/wp-content\/uploads\/2026\/01\/ChatGPT-Image-9-jan-2026-21_28_28-683x1024.png 683w, https:\/\/ravensteinamhallacker.com\/wp-content\/uploads\/2026\/01\/ChatGPT-Image-9-jan-2026-21_28_28-200x300.png 200w, https:\/\/ravensteinamhallacker.com\/wp-content\/uploads\/2026\/01\/ChatGPT-Image-9-jan-2026-21_28_28-768x1152.png 768w, https:\/\/ravensteinamhallacker.com\/wp-content\/uploads\/2026\/01\/ChatGPT-Image-9-jan-2026-21_28_28.png 1024w\" sizes=\"auto, (max-width: 683px) 100vw, 683px\" \/><\/figure>\n\n\n\t<h5 data-spectra-id=\"spectra-14993c8f-title\" style=\"--spectra-text-color: ast-global-color-0\" class=\"has-text-color has-link-color spectra-text-color  wp-elements-5d2c00536f89f5953060485e2c408b68 wp-block-spectra-content has-text-color has-ast-global-color-0-color\">\n\t\t<strong>Gemeinsam, ohne Eile<\/strong>\t<\/h5>\n\n\n\t<p data-spectra-id=\"spectra-14993c8f-desc\" style=\"color:#1f3d2b\" class=\"has-link-color  wp-elements-0b90311c59f149459f503a96fc75000c wp-block-spectra-content has-text-color\">\n\t\tEine entspannte, famili\u00e4re Atmosph\u00e4re, in der das Essen verbindet und die Zeit ein wenig langsamer vergeht.\t<\/p>\n\n<\/div>\n\n<\/div>\n\n<\/div>\n\n\n<div data-spectra-id=\"ec55800b\"\tstyle=\"overflow: visible; --spectra-background-color: #1f3d2b; --spectra-overlay-opacity: 0.72;\" class=\"spectra-is-root-container alignfull spectra-overlay-color spectra-overflow spectra-background-color spectra-dim-ratio wp-block-spectra-container\" data-orientation=\"vertical\"\t>\n\t\n\t<h6 data-spectra-id=\"spectra-prefix-1b86-4b26-87fc-4834b7dd2da9\" style=\"--spectra-text-color: ast-global-color-0;--spectra-z-index: 3\" class=\"has-text-color spectra-text-color wp-block-spectra-content has-text-color has-ast-global-color-0-color has-z-index\">\n\t\tFrisch zubereitet\t<\/h6>\n\n\n\t<h4 data-spectra-id=\"spectra-mg6jpbv5-4q5hdk\" style=\"--spectra-text-color: ast-global-color-0;--spectra-z-index: 3\" class=\"has-text-color has-link-color spectra-text-color wp-elements-0a191fb73b6c5fc130b0060b2e888250 wp-block-spectra-content has-text-color has-ast-global-color-0-color has-z-index\">\n\t\tSauerl\u00e4nder Spezialit\u00e4ten\t<\/h4>\n\n\n\t<p data-spectra-id=\"spectra-desc-1b86-4b26-87fc-4834b7dd2da9\" style=\"--spectra-text-color: ast-global-color-4;--spectra-z-index: 3\" class=\"has-text-color spectra-text-color wp-block-spectra-content has-text-color has-ast-global-color-4-color has-z-index\">\n\t\tNeben bekannten Klassikern gibt es regelm\u00e4\u00dfig <strong>frische hausgemachte Sauerland-Spezialit\u00e4ten<\/strong> auf der Speisekarte - Gerichte, die sich aus dem ergeben, was die Umgebung gerade zu bieten hat.<br>Folgen Sie uns auf den sozialen Medien, damit Sie nichts verpassen.<br><br>\t<\/p>\n\n\n\n<div style=\"text-align:center;margin-top:20px\">\n  <a href=\"https:\/\/wa.me\/4916098465197\" target=\"_blank\" rel=\"noopener\" style=\"display:inline-block;padding:14px 26px;border:2px solid #C8A24A;border-radius:6px;text-decoration:none;font-weight:700;color:#F6F3EE;background:transparent\">\n    JETZT EINEN TISCH RESERVIEREN\n  <\/a>\n<\/div>\n\n<\/div>\n\n\n<div data-spectra-id=\"spectra-mhjpwrgs-6jcc85\"\tstyle=\"overflow: visible; --spectra-background-color: #1f3d2b;\" class=\"spectra-is-root-container alignfull spectra-overlay-color spectra-overflow spectra-background-color wp-block-spectra-container\" data-orientation=\"vertical\"\t>\n\t\n<div data-spectra-id=\"spectra-mgj4a61r-x1dhcn\" style=\"overflow: visible;--spectra-background-color: #1f3d2b\" class=\"spectra-overlay-color spectra-overflow spectra-background-color wp-block-spectra-container\" data-orientation=\"vertical\">\n\t\n<div data-spectra-id=\"spectra-21fd9d93-8de9-4728-82a2-60772db10a9f\" style=\"overflow: visible;--spectra-background-color: #1f3d2b\" class=\"spectra-overlay-color spectra-overflow spectra-background-color wp-block-spectra-container\" data-orientation=\"vertical\">\n\t\n\n<figure class=\"wp-block-gallery has-nested-images columns-default is-cropped wp-block-gallery-1 is-layout-flex wp-block-gallery-is-layout-flex\">\n<figure data-spectra-id=\"spectra-gallery-img-207\" class=\"wp-block-image size-full is-style-default\"><img loading=\"lazy\" decoding=\"async\" width=\"1024\" height=\"1536\" data-id=\"4032\" src=\"https:\/\/ravensteinamhallacker.com\/wp-content\/uploads\/2026\/01\/WhatsApp-Image-2026-01-27-at-13.14.04.jpeg\" alt=\"whatsapp image 2026 01 27 at 13.14.04\" class=\"wp-image-4032\" title=\"Startseite\" srcset=\"https:\/\/ravensteinamhallacker.com\/wp-content\/uploads\/2026\/01\/WhatsApp-Image-2026-01-27-at-13.14.04.jpeg 1024w, https:\/\/ravensteinamhallacker.com\/wp-content\/uploads\/2026\/01\/WhatsApp-Image-2026-01-27-at-13.14.04-200x300.jpeg 200w, https:\/\/ravensteinamhallacker.com\/wp-content\/uploads\/2026\/01\/WhatsApp-Image-2026-01-27-at-13.14.04-683x1024.jpeg 683w, https:\/\/ravensteinamhallacker.com\/wp-content\/uploads\/2026\/01\/WhatsApp-Image-2026-01-27-at-13.14.04-768x1152.jpeg 768w\" sizes=\"auto, (max-width: 1024px) 100vw, 1024px\" \/><\/figure>\n<\/figure>\n\n\n\n<figure data-spectra-id=\"spectra-gallery-img-208\" class=\"wp-block-image size-large\"><img loading=\"lazy\" decoding=\"async\" width=\"683\" height=\"1024\" src=\"https:\/\/ravensteinamhallacker.com\/wp-content\/uploads\/2026\/01\/ChatGPT-Image-9-jan-2026-21_17_05-683x1024.png\" alt=\"chatgpt image 9 jan 2026, 21 17 05\" class=\"wp-image-3888\" title=\"Startseite\" srcset=\"https:\/\/ravensteinamhallacker.com\/wp-content\/uploads\/2026\/01\/ChatGPT-Image-9-jan-2026-21_17_05-683x1024.png 683w, https:\/\/ravensteinamhallacker.com\/wp-content\/uploads\/2026\/01\/ChatGPT-Image-9-jan-2026-21_17_05-200x300.png 200w, https:\/\/ravensteinamhallacker.com\/wp-content\/uploads\/2026\/01\/ChatGPT-Image-9-jan-2026-21_17_05-768x1152.png 768w, https:\/\/ravensteinamhallacker.com\/wp-content\/uploads\/2026\/01\/ChatGPT-Image-9-jan-2026-21_17_05.png 1024w\" sizes=\"auto, (max-width: 683px) 100vw, 683px\" \/><\/figure>\n\n\n\n<figure data-spectra-id=\"spectra-gallery-img-210\" class=\"wp-block-image size-full\"><img loading=\"lazy\" decoding=\"async\" width=\"1536\" height=\"1536\" src=\"https:\/\/ravensteinamhallacker.com\/wp-content\/uploads\/2026\/01\/WhatsApp-Image-2026-01-27-at-13.39.41.jpeg\" alt=\"whatsapp image 2026 01 27 at 13.39.41\" class=\"wp-image-4033\" title=\"Startseite\" srcset=\"https:\/\/ravensteinamhallacker.com\/wp-content\/uploads\/2026\/01\/WhatsApp-Image-2026-01-27-at-13.39.41.jpeg 1536w, https:\/\/ravensteinamhallacker.com\/wp-content\/uploads\/2026\/01\/WhatsApp-Image-2026-01-27-at-13.39.41-300x300.jpeg 300w, https:\/\/ravensteinamhallacker.com\/wp-content\/uploads\/2026\/01\/WhatsApp-Image-2026-01-27-at-13.39.41-1024x1024.jpeg 1024w, https:\/\/ravensteinamhallacker.com\/wp-content\/uploads\/2026\/01\/WhatsApp-Image-2026-01-27-at-13.39.41-150x150.jpeg 150w, https:\/\/ravensteinamhallacker.com\/wp-content\/uploads\/2026\/01\/WhatsApp-Image-2026-01-27-at-13.39.41-768x768.jpeg 768w\" sizes=\"auto, (max-width: 1536px) 100vw, 1536px\" \/><\/figure>\n\n\n\n<figure data-spectra-id=\"spectra-gallery-img-338\" class=\"wp-block-image size-full\"><img loading=\"lazy\" decoding=\"async\" width=\"1024\" height=\"1536\" src=\"https:\/\/ravensteinamhallacker.com\/wp-content\/uploads\/2026\/01\/WhatsApp-Image-2026-01-09-at-21.17.40.jpeg\" alt=\"whatsapp image 2026 01 09 at 21.17.40\" class=\"wp-image-3887\" title=\"Startseite\"><\/figure>\n\n\n\n<figure class=\"wp-block-gallery has-nested-images columns-default is-cropped wp-block-gallery-2 is-layout-flex wp-block-gallery-is-layout-flex\">\n<figure data-spectra-id=\"spectra-gallery-img-211\" class=\"wp-block-image size-full\"><img loading=\"lazy\" decoding=\"async\" width=\"1210\" height=\"940\" data-id=\"4172\" src=\"https:\/\/ravensteinamhallacker.com\/wp-content\/uploads\/2026\/03\/kaj-bar.jpeg\" alt=\"kaj bar\" class=\"wp-image-4172\" title=\"Startseite\" srcset=\"https:\/\/ravensteinamhallacker.com\/wp-content\/uploads\/2026\/03\/kaj-bar.jpeg 1210w, https:\/\/ravensteinamhallacker.com\/wp-content\/uploads\/2026\/03\/kaj-bar-300x233.jpeg 300w, https:\/\/ravensteinamhallacker.com\/wp-content\/uploads\/2026\/03\/kaj-bar-1024x796.jpeg 1024w, https:\/\/ravensteinamhallacker.com\/wp-content\/uploads\/2026\/03\/kaj-bar-768x597.jpeg 768w, https:\/\/ravensteinamhallacker.com\/wp-content\/uploads\/2026\/03\/kaj-bar-15x12.jpeg 15w\" sizes=\"auto, (max-width: 1210px) 100vw, 1210px\" \/><\/figure>\n<\/figure>\n\n\n\n<figure data-spectra-id=\"spectra-gallery-img-212\" class=\"wp-block-image size-full\"><img loading=\"lazy\" decoding=\"async\" width=\"2560\" height=\"1722\" src=\"https:\/\/ravensteinamhallacker.com\/wp-content\/uploads\/2026\/01\/20260119_1815281-scaled.jpg\" alt=\"20260119 181528(1)\" class=\"wp-image-4017\" title=\"Startseite\" srcset=\"https:\/\/ravensteinamhallacker.com\/wp-content\/uploads\/2026\/01\/20260119_1815281-scaled.jpg 2560w, https:\/\/ravensteinamhallacker.com\/wp-content\/uploads\/2026\/01\/20260119_1815281-300x202.jpg 300w, https:\/\/ravensteinamhallacker.com\/wp-content\/uploads\/2026\/01\/20260119_1815281-1024x689.jpg 1024w, https:\/\/ravensteinamhallacker.com\/wp-content\/uploads\/2026\/01\/20260119_1815281-768x517.jpg 768w, https:\/\/ravensteinamhallacker.com\/wp-content\/uploads\/2026\/01\/20260119_1815281-1536x1033.jpg 1536w, https:\/\/ravensteinamhallacker.com\/wp-content\/uploads\/2026\/01\/20260119_1815281-2048x1377.jpg 2048w\" sizes=\"auto, (max-width: 2560px) 100vw, 2560px\" \/><\/figure>\n\n<\/div>\n\n<\/div>\n\n<\/div>\n\n\n<div data-spectra-id=\"spectra-mhjq0r4x-tdasx5\"\tstyle=\"overflow: visible; --spectra-background-color: #1f3d2b; --spectra-z-index: -100;\" class=\"spectra-is-root-container alignfull spectra-overlay-color spectra-overflow spectra-background-color wp-block-spectra-container has-z-index\" data-orientation=\"vertical\"\t>\n\t\n<div data-spectra-id=\"spectra-mg96ad30-uqt49d\" style=\"overflow: visible;--spectra-text-color: ast-global-color-3;--spectra-background-color: #1f3d2b;--spectra-overlay-opacity: 1\" class=\"spectra-overlay-color spectra-overflow spectra-text-color spectra-background-color spectra-dim-ratio wp-elements-5b4b33fa5c9c22c00a0d58a84e662930 wp-block-spectra-container has-text-color has-ast-global-color-3-color\" data-orientation=\"vertical\">\n\t\n\t<h2 data-spectra-id=\"spectra-mg96awge-cb08m8\" style=\"--spectra-text-color: ast-global-color-0\" class=\"has-text-color has-link-color spectra-text-color wp-elements-aa689ea143b7ff9323db657522eb362e wp-block-spectra-content has-text-color has-ast-global-color-0-color\">\n\t\tBuchung\t<\/h2>\n\n\n\t<p data-spectra-id=\"spectra-7e17a9c3-ec04-4e6e-b05d-6e3572132f61\" style=\"--spectra-text-color: ast-global-color-4\" class=\"has-text-color has-link-color spectra-text-color wp-elements-4026156aee6b66a3305ce9fc89ad6be9 wp-block-spectra-content has-text-color has-ast-global-color-4-color\">\n\t\tWir empfehlen eine Reservierung im Voraus, insbesondere f\u00fcr unsere hausgemachten Sauerland-Spezialit\u00e4ten oder an Wochenenden. <br>Auf diese Weise stellen wir sicher, dass alles bereit ist und Sie nur noch genie\u00dfen m\u00fcssen.<br><strong>Die \u00d6ffnungszeiten<\/strong><br><strong>Oktober bis M\u00e4rz<\/strong><br>Donnerstag, Freitag, Samstag und Sonntag<br>16:00 - 21:00<br><strong>April bis September<\/strong><br>Mittwoch bis einschlie\u00dflich Sonntag<br>11:00 - 21:00<br>Montage and Dienstage sind wir geschlossen.<br>Abweichende \u00d6ffnungszeiten aufgrund von Feiertagen, die wir immer rechtzeitig \u00fcber unsere sozialen Netzwerke bekannt geben.<br>Wir sehen uns bald wieder.\t<\/p>\n\n\n\t<p data-spectra-id=\"spectra-70d2bf5c-0c80-4139-9b15-6ff182428e9d\" style=\"--spectra-text-color: ast-global-color-4;background-color:#1f3d2b\" class=\"has-text-color has-link-color spectra-text-color wp-elements-99f2d68a541fd5f58a06fe3530aa9b7e wp-block-spectra-content has-text-color has-ast-global-color-4-color has-background\">\n\t\tTelefon <a href=\"https:\/\/wa.me\/4916098465197\" target=\"_blank\" rel=\"noopener\" title=\"Reservierungen\">Reservierungen<\/a>\t<\/p>\n\n\n\t<h2 data-spectra-id=\"spectra-mg96vjz2-ppq55n\" style=\"--spectra-text-color: ast-global-color-0\" class=\"has-text-color has-link-color spectra-text-color wp-elements-ecfd1fe4743618e3906ae2986b9bad8c wp-block-spectra-content has-text-color has-ast-global-color-0-color\">\n\t\t+49 (0)160 98465197\t<\/h2>\n\n<\/div>\n\n<\/div>\n\n\n\n<p><\/p>","protected":false},"excerpt":{"rendered":"","protected":false},"author":1,"featured_media":0,"parent":0,"menu_order":0,"comment_status":"closed","ping_status":"closed","template":"","meta":{"_uag_custom_page_level_css":"","site-sidebar-layout":"no-sidebar","site-content-layout":"plain-container","ast-site-content-layout":"full-width-container","site-content-style":"unboxed","site-sidebar-style":"unboxed","ast-global-header-display":"","ast-banner-title-visibility":"","ast-main-header-display":"","ast-hfb-above-header-display":"","ast-hfb-below-header-display":"","ast-hfb-mobile-header-display":"","site-post-title":"","ast-breadcrumbs-content":"","ast-featured-img":"disabled","footer-sml-layout":"","ast-disable-related-posts":"","theme-transparent-header-meta":"disabled","adv-header-id-meta":"","stick-header-meta":"","header-above-stick-meta":"","header-main-stick-meta":"","header-below-stick-meta":"","astra-migrate-meta-layouts":"set","ast-page-background-enabled":"default","ast-page-background-meta":{"desktop":{"background-color":"","background-image":"","background-repeat":"repeat","background-position":"center center","background-size":"auto","background-attachment":"scroll","background-type":"","background-media":"","overlay-type":"","overlay-color":"","overlay-opacity":"","overlay-gradient":""},"tablet":{"background-color":"","background-image":"","background-repeat":"repeat","background-position":"center center","background-size":"auto","background-attachment":"scroll","background-type":"","background-media":"","overlay-type":"","overlay-color":"","overlay-opacity":"","overlay-gradient":""},"mobile":{"background-color":"","background-image":"","background-repeat":"repeat","background-position":"center center","background-size":"auto","background-attachment":"scroll","background-type":"","background-media":"","overlay-type":"","overlay-color":"","overlay-opacity":"","overlay-gradient":""}},"ast-content-background-meta":{"desktop":{"background-color":"var(--ast-global-color-5)","background-image":"","background-repeat":"repeat","background-position":"center center","background-size":"auto","background-attachment":"scroll","background-type":"","background-media":"","overlay-type":"","overlay-color":"","overlay-opacity":"","overlay-gradient":""},"tablet":{"background-color":"var(--ast-global-color-5)","background-image":"","background-repeat":"repeat","background-position":"center center","background-size":"auto","background-attachment":"scroll","background-type":"","background-media":"","overlay-type":"","overlay-color":"","overlay-opacity":"","overlay-gradient":""},"mobile":{"background-color":"var(--ast-global-color-5)","background-image":"","background-repeat":"repeat","background-position":"center center","background-size":"auto","background-attachment":"scroll","background-type":"","background-media":"","overlay-type":"","overlay-color":"","overlay-opacity":"","overlay-gradient":""}},"footnotes":""},"class_list":["post-366","page","type-page","status-publish","hentry"],"aioseo_notices":[],"uagb_featured_image_src":{"full":false,"thumbnail":false,"medium":false,"medium_large":false,"large":false,"1536x1536":false,"2048x2048":false,"trp-custom-language-flag":false},"uagb_author_info":{"display_name":"admin","author_link":"https:\/\/ravensteinamhallacker.com\/de\/author\/admin\/"},"uagb_comment_info":0,"uagb_excerpt":null,"jetpack_sharing_enabled":true,"_links":{"self":[{"href":"https:\/\/ravensteinamhallacker.com\/de\/wp-json\/wp\/v2\/pages\/366","targetHints":{"allow":["GET"]}}],"collection":[{"href":"https:\/\/ravensteinamhallacker.com\/de\/wp-json\/wp\/v2\/pages"}],"about":[{"href":"https:\/\/ravensteinamhallacker.com\/de\/wp-json\/wp\/v2\/types\/page"}],"author":[{"embeddable":true,"href":"https:\/\/ravensteinamhallacker.com\/de\/wp-json\/wp\/v2\/users\/1"}],"replies":[{"embeddable":true,"href":"https:\/\/ravensteinamhallacker.com\/de\/wp-json\/wp\/v2\/comments?post=366"}],"version-history":[{"count":52,"href":"https:\/\/ravensteinamhallacker.com\/de\/wp-json\/wp\/v2\/pages\/366\/revisions"}],"predecessor-version":[{"id":4189,"href":"https:\/\/ravensteinamhallacker.com\/de\/wp-json\/wp\/v2\/pages\/366\/revisions\/4189"}],"wp:attachment":[{"href":"https:\/\/ravensteinamhallacker.com\/de\/wp-json\/wp\/v2\/media?parent=366"}],"curies":[{"name":"wp","href":"https:\/\/api.w.org\/{rel}","templated":true}]}}