{"id":368,"date":"2025-12-09T11:45:29","date_gmt":"2025-12-09T11:45:29","guid":{"rendered":"https:\/\/ravensteinamhallacker.com\/about-us\/"},"modified":"2026-03-28T11:54:45","modified_gmt":"2026-03-28T11:54:45","slug":"about-us","status":"publish","type":"page","link":"https:\/\/ravensteinamhallacker.com\/de\/about-us\/","title":{"rendered":"\u00dcber uns"},"content":{"rendered":"<div data-spectra-id=\"spectra-mfze879a-knrfyf\"\tstyle=\"overflow: visible; --spectra-text-color: ast-global-color-4; --spectra-background-color: #1f3d2b; --spectra-z-index: 0;\" class=\"spectra-is-root-container alignfull spectra-overlay-color spectra-overflow spectra-text-color spectra-background-color wp-elements-a6dfc2a4ca3aa9a4a7e953b171a34112 wp-block-spectra-container has-text-color has-ast-global-color-4-color has-z-index\" data-orientation=\"vertical\"\t>\n\t\n<div data-spectra-id=\"spectra-mfzia6au-su1wq7\" style=\"overflow: visible\" class=\"spectra-overlay-color spectra-overflow wp-block-spectra-container\" data-orientation=\"horizontal\">\n\t\n\t<h2 data-spectra-id=\"spectra-mfze8hiz-kisfd5\" style=\"--spectra-text-color: ast-global-color-1\" class=\"has-text-color has-link-color spectra-text-color wp-elements-f16a18a3883874396f97e2cec07a74e8 wp-block-spectra-content has-text-color has-ast-global-color-1-color\">\n\t\tUnsere Geschichte\t<\/h2>\n\n\n<div data-spectra-id=\"spectra-mg9gtrzk-1r4xld\" style=\"overflow: visible\" class=\"spectra-overlay-color spectra-overflow wp-block-spectra-container\" data-orientation=\"vertical\">\n\t\n\t<p data-spectra-id=\"spectra-mfze9j4j-h69wjo\" style=\"--spectra-text-color: ast-global-color-6\" class=\"has-text-color has-link-color spectra-text-color wp-elements-3636b064555940270eb5551f0fb785bf wp-block-spectra-content has-text-color has-ast-global-color-6-color\">\n\t\tAusruhen. Zusammenkommen. Genie\u00dfen.\t<\/p>\n\n\n\n<p class=\"has-ast-global-color-6-color has-text-color has-link-color has-inter-font-family wp-elements-76e3749357f0404b6dc9f486b46f0946\">Seit 2025 hei\u00dfen wir - die Familie Van Kampen - Sie in Ravenstein am Hallacker willkommen.<br>Ein Ort, an dem die Aussicht endlos ist, die Kinder im Raven's Nest lachen und die Eltern sich endlich mit einem guten Glas in der Hand zur\u00fccklehnen k\u00f6nnen.<br>Bei uns geht es vor allem um Geselligkeit. Keine Hektik, keine Eile - nur gutes Essen, Lachen und Genie\u00dfen. Unsere K\u00fcche kocht mit Liebe, Leidenschaft und ehrlichen, regionalen Produkten aus dem Raum Winterberg. Ob ein herzhaftes Schnitzel, ein erfrischendes Bier oder eine Tafel voller Leckereien zum Teilen - bei uns f\u00fchlen Sie sich, als s\u00e4\u00dfen Sie mit Freunden an einem Tisch.<br>Von der Terrasse aus haben Sie einen Blick auf den Spielplatz, so dass die Kinder frei spielen k\u00f6nnen, w\u00e4hrend Sie sich entspannen.<\/p>\n\n\n\n<p class=\"has-ast-global-color-6-color has-text-color has-link-color has-inter-font-family wp-elements-84807014db2b3acb7ee547fb342e6759\"><br>Kommen Sie vorbei, genie\u00dfen Sie die Atmosph\u00e4re und lassen Sie sich verw\u00f6hnen.<\/p>\n\n<\/div>\n\n<\/div>\n\n\n<div data-spectra-id=\"spectra-239a4bd8-8c49-4f87-bfeb-320cb927253a\" style=\"overflow: visible\" class=\"spectra-overlay-color spectra-overflow wp-block-spectra-container\" data-orientation=\"vertical\">\n\t\n\n<ul data-spectra-id=\"spectra-mfzeb0ml-rh4z0v\" class=\"spectra-list spectra-list-unordered wp-block-spectra-list\">\n\t\n\n<li data-spectra-id=\"spectra-mfzeb0ra-nxbm8t\" class=\"spectra-list-item spectra-list-item-unordered spectra-list-item-level-0 wp-block-spectra-list-child-item\">\n\t\n<div data-spectra-id=\"spectra-mfzeb0wn-h0y8tr\" style=\"--spectra-text-color: var(--ast-global-color-5);--spectra-background-color: ast-global-color-0\" class=\"spectra-list-icon spectra-list-icon-unordered spectra-text-color spectra-background-color wp-block-spectra-list-child-icon has-background has-ast-global-color-0-background-color\">\n\t\t\t\t\t\t<svg class=\"spectra-icon\" xmlns=\"https:\/\/www.w3.org\/2000\/svg\" viewbox=\"0 0 640 512\" focusable=\"false\" style=\"fill: currentColor\"><path d=\"M480 80C480 35.82 515.8 0 560 0C604.2 0 640 35.82 640 80C640 124.2 604.2 160 560 160C515.8 160 480 124.2 480 80zM0 456.1C0 445.6 2.964 435.3 8.551 426.4L225.3 81.01C231.9 70.42 243.5 64 256 64C268.5 64 280.1 70.42 286.8 81.01L412.7 281.7L460.9 202.7C464.1 196.1 472.2 192 480 192C487.8 192 495 196.1 499.1 202.7L631.1 419.1C636.9 428.6 640 439.7 640 450.9C640 484.6 612.6 512 578.9 512H55.91C25.03 512 .0006 486.1 .0006 456.1L0 456.1z\"><\/path><\/svg>\n\t\t\t\t<\/div>\n\n\n<div data-spectra-id=\"spectra-mfzeb0wq-cu86ou\" style=\"overflow: visible\" class=\"spectra-overlay-color spectra-overflow wp-block-spectra-container\" data-orientation=\"vertical\">\n\t\n\t<h4 data-spectra-id=\"spectra-mfzh9ljf-kj7ynb\" style=\"--spectra-text-color: ast-global-color-1\" class=\"has-text-color has-link-color spectra-text-color wp-elements-0414fd8f718a4152be0f0303522ac5b8 wp-block-spectra-content has-text-color has-ast-global-color-1-color\">\n\t\t<strong>Wo Holz auf Licht trifft<\/strong>\t<\/h4>\n\n\n\t<p data-spectra-id=\"spectra-mfzh9gdd-saycfe\" style=\"--spectra-text-color: ast-global-color-6\" class=\"has-text-color has-link-color spectra-text-color wp-elements-ffbef758be5ad377ff0afbf1b1b43953 wp-block-spectra-content has-text-color has-ast-global-color-6-color\">\n\t\tEin gem\u00fctlicher, modern-rustikaler Speisesaal, Blick \u00fcber das Tal und Platz zum Verweilen.\t<\/p>\n\n\n<div data-spectra-id=\"spectra-31c144de-sep\" style=\"display: flex;justify-content: center\" class=\"wp-block-spectra-separator spectra-separator-color wp-block-spectra-separator\">\n\t<div class=\"spectra-separator-line\" style=\"margin-left: auto;margin-right: auto;background-color: #e9ecef\"><\/div>\n<\/div>\n\n<\/div>\n\n<\/li>\n\n\n\n<li data-spectra-id=\"spectra-edaad055-e21f-4c37-a1b5-548b0e77be06\" class=\"spectra-list-item spectra-list-item-unordered spectra-list-item-level-0 wp-block-spectra-list-child-item\">\n\t\n<div data-spectra-id=\"spectra-f9340dd5-e041-451b-8f70-02ff1050b50a\" style=\"--spectra-text-color: var(--ast-global-color-5);--spectra-background-color: ast-global-color-0\" class=\"spectra-list-icon spectra-list-icon-unordered spectra-text-color spectra-background-color wp-block-spectra-list-child-icon has-background has-ast-global-color-0-background-color\">\n\t\t\t\t\t\t<svg class=\"spectra-icon\" xmlns=\"https:\/\/www.w3.org\/2000\/svg\" viewbox=\"0 0 512 512\" focusable=\"false\" style=\"fill: currentColor\"><path d=\"M400 192H32C14.25 192 0 206.3 0 224v192c0 53 43 96 96 96h192c53 0 96-43 96-96h16c61.75 0 112-50.25 112-112S461.8 192 400 192zM400 352H384V256h16C426.5 256 448 277.5 448 304S426.5 352 400 352zM107.9 100.7C120.3 107.1 128 121.4 128 136c0 13.25 10.75 23.89 24 23.89S176 148.1 176 135.7c0-31.34-16.83-60.64-43.91-76.45C119.7 52.03 112 38.63 112 24.28c0-13.25-10.75-24.14-24-24.14S64 11.03 64 24.28C64 55.63 80.83 84.92 107.9 100.7zM219.9 100.7C232.3 107.1 240 121.4 240 136c0 13.25 10.75 23.86 24 23.86S288 148.1 288 135.7c0-31.34-16.83-60.64-43.91-76.45C231.7 52.03 224 38.63 224 24.28c0-13.25-10.75-24.18-24-24.18S176 11.03 176 24.28C176 55.63 192.8 84.92 219.9 100.7z\"><\/path><\/svg>\n\t\t\t\t<\/div>\n\n\n<div data-spectra-id=\"spectra-c7732711-bce8-43b7-a49a-d6945c9024a1\" style=\"overflow: visible\" class=\"spectra-overlay-color spectra-overflow wp-block-spectra-container\" data-orientation=\"vertical\">\n\t\n\t<h4 data-spectra-id=\"spectra-211582c6-71a1-4bca-aa86-81e1403dab89\" style=\"--spectra-text-color: ast-global-color-0\" class=\"has-text-color has-link-color spectra-text-color wp-elements-092c0e199cdedc8264fc5d79af62856a wp-block-spectra-content has-text-color has-ast-global-color-0-color\">\n\t\t<strong>Spielende Stimmen, entspannte Herzen<\/strong>\t<\/h4>\n\n\n\t<p data-spectra-id=\"spectra-66ce9b70-d826-439b-8ca0-ce523de9e7db\" style=\"--spectra-text-color: ast-global-color-6\" class=\"has-text-color has-link-color spectra-text-color wp-elements-8169d02f52f29786b0f7205071064844 wp-block-spectra-content has-text-color has-ast-global-color-6-color\">\n\t\tVon der Terrasse aus k\u00f6nnen Sie das Rabennest sehen.<br>Kinder, die frei spielen, und Sie, der Sie in Ruhe in Ihrem Glas sitzen.\t<\/p>\n\n\n<div data-spectra-id=\"spectra-1c2e5c75-85dc-4df6-8646-0f92b0ab88b6\" style=\"display: flex;justify-content: center\" class=\"wp-block-spectra-separator spectra-separator-color wp-block-spectra-separator\">\n\t<div class=\"spectra-separator-line\" style=\"margin-left: auto;margin-right: auto;background-color: #e9ecef\"><\/div>\n<\/div>\n\n<\/div>\n\n<\/li>\n\n\n\n<li data-spectra-id=\"spectra-772f007e-f5b1-4aa3-99e6-796d51bf6a29\" class=\"spectra-list-item spectra-list-item-unordered spectra-list-item-level-0 wp-block-spectra-list-child-item\">\n\t\n<div data-spectra-id=\"spectra-5f885507-c055-4000-87b8-413c6ea49ec4\" style=\"--spectra-text-color: var(--ast-global-color-5);--spectra-background-color: ast-global-color-0\" class=\"spectra-list-icon spectra-list-icon-unordered spectra-text-color spectra-background-color wp-block-spectra-list-child-icon has-background has-ast-global-color-0-background-color\">\n\t\t\t\t\t\t<svg class=\"spectra-icon\" xmlns=\"https:\/\/www.w3.org\/2000\/svg\" viewbox=\"0 0 576 512\" focusable=\"false\" style=\"fill: currentColor\"><path d=\"M575.8 255.5C575.8 273.5 560.8 287.6 543.8 287.6H511.8L512.5 447.7C512.5 450.5 512.3 453.1 512 455.8V472C512 494.1 494.1 512 472 512H456C454.9 512 453.8 511.1 452.7 511.9C451.3 511.1 449.9 512 448.5 512H392C369.9 512 352 494.1 352 472V384C352 366.3 337.7 352 320 352H256C238.3 352 224 366.3 224 384V472C224 494.1 206.1 512 184 512H128.1C126.6 512 125.1 511.9 123.6 511.8C122.4 511.9 121.2 512 120 512H104C81.91 512 64 494.1 64 472V360C64 359.1 64.03 358.1 64.09 357.2V287.6H32.05C14.02 287.6 0 273.5 0 255.5C0 246.5 3.004 238.5 10.01 231.5L266.4 8.016C273.4 1.002 281.4 0 288.4 0C295.4 0 303.4 2.004 309.5 7.014L564.8 231.5C572.8 238.5 576.9 246.5 575.8 255.5L575.8 255.5z\"><\/path><\/svg>\n\t\t\t\t<\/div>\n\n\n<div data-spectra-id=\"spectra-ff1fb7ec-2e03-424b-8df1-a20b0488c80a\" style=\"overflow: visible\" class=\"spectra-overlay-color spectra-overflow wp-block-spectra-container\" data-orientation=\"vertical\">\n\t\n\t<h4 data-spectra-id=\"spectra-b8ddc07e-a9c8-4e1a-a133-dfb8cad2352d\" style=\"--spectra-text-color: ast-global-color-0\" class=\"has-text-color has-link-color spectra-text-color wp-elements-06cf2880f12514b71c1a51d64d38de62 wp-block-spectra-content has-text-color has-ast-global-color-0-color\">\n\t\t<strong>Gemeinsam, ohne Eile<\/strong>\t<\/h4>\n\n\n\t<p data-spectra-id=\"spectra-56c46d28-19d8-421f-8a75-18aad0819d5c\" style=\"--spectra-text-color: ast-global-color-6\" class=\"has-text-color has-link-color spectra-text-color wp-elements-ca201ca4041092f6c30a3b88b9c2aefd wp-block-spectra-content has-text-color has-ast-global-color-6-color\">\n\t\tEine entspannte, famili\u00e4re Atmosph\u00e4re, in der das Essen verbindet und die Zeit ein wenig langsamer vergeht.\t<\/p>\n\n<\/div>\n\n<\/li>\n\n<\/ul>\n\n\n\n<figure data-spectra-id=\"f482dda9\" class=\"wp-block-image alignleft size-large is-resized has-z-index\"><img loading=\"lazy\" decoding=\"async\" width=\"1024\" height=\"683\" src=\"https:\/\/ravensteinamhallacker.com\/wp-content\/uploads\/2026\/01\/WhatsApp-Image-2026-01-27-at-14.09.47-1024x683.jpeg\" alt=\"whatsapp image 2026 01 27 at 14.09.47\" class=\"wp-image-4045\" title=\"\u00dcber uns\" srcset=\"https:\/\/ravensteinamhallacker.com\/wp-content\/uploads\/2026\/01\/WhatsApp-Image-2026-01-27-at-14.09.47-1024x683.jpeg 1024w, https:\/\/ravensteinamhallacker.com\/wp-content\/uploads\/2026\/01\/WhatsApp-Image-2026-01-27-at-14.09.47-300x200.jpeg 300w, https:\/\/ravensteinamhallacker.com\/wp-content\/uploads\/2026\/01\/WhatsApp-Image-2026-01-27-at-14.09.47-768x512.jpeg 768w, https:\/\/ravensteinamhallacker.com\/wp-content\/uploads\/2026\/01\/WhatsApp-Image-2026-01-27-at-14.09.47.jpeg 1536w\" sizes=\"auto, (max-width: 1024px) 100vw, 1024px\" \/><\/figure>\n\n<\/div>\n\n<\/div>\n\n\n<div data-spectra-id=\"spectra-mhjpdcsm-4pto2e\"\tstyle=\"overflow: visible; --spectra-background-color: #1f3d2b; --spectra-z-index: -100;\" class=\"spectra-is-root-container alignfull spectra-overlay-color spectra-overflow spectra-background-color wp-block-spectra-container has-z-index\" data-orientation=\"vertical\"\t>\n\t\n<div data-spectra-id=\"spectra-mfzkglvn-wansdx\" style=\"overflow: visible;--spectra-background-color: #1f3d2b;--spectra-z-index: 0\" class=\"spectra-overlay-color spectra-overflow spectra-background-color wp-block-spectra-container has-z-index\" data-orientation=\"vertical\">\n\t\n<div data-spectra-id=\"spectra-19b45c6b-root\" style=\"overflow: visible;--spectra-background-color: var(--ast-global-color-2);--spectra-overlay-opacity: 0\" class=\"spectra-overlay-color spectra-overflow spectra-background-color spectra-dim-ratio wp-block-spectra-container\" data-orientation=\"vertical\">\n\t\n\t<h2 data-spectra-id=\"spectra-19b45c6b-title\" style=\"--spectra-text-color: ast-global-color-0\" class=\"has-text-color spectra-text-color wp-block-spectra-content has-text-color has-ast-global-color-0-color\">\n\t\tUnser Angebot\t<\/h2>\n\n\n\t<p data-spectra-id=\"spectra-19b45c6b-desc\" style=\"--spectra-text-color: ast-global-color-4\" class=\"has-text-color spectra-text-color wp-block-spectra-content has-text-color has-ast-global-color-4-color\">\n\t\tUnsere regionalen Gerichte sind in begrenztem Umfang verf\u00fcgbar und wechseln regelm\u00e4\u00dfig.<br>Folgen Sie uns in den sozialen Medien f\u00fcr aktuelle Sonderangebote<br>und buchen Sie rechtzeitig, um nichts zu verpassen.\t<\/p>\n\n<\/div>\n\n\n<div data-spectra-id=\"dbb21bb3\" style=\"overflow: visible;--spectra-background-color: #1f3d2b;--spectra-overlay-opacity: 1\" class=\"spectra-overlay-color spectra-overflow spectra-background-color spectra-dim-ratio wp-block-spectra-container\" data-orientation=\"horizontal\">\n\t\n<div data-spectra-id=\"3110dd77\" style=\"overflow: visible;--spectra-background-color: #1f3d2b;--spectra-overlay-opacity: 1\" class=\"spectra-overlay-color spectra-overflow spectra-background-color spectra-dim-ratio wp-block-spectra-container\" data-orientation=\"vertical\">\n\t\n\n<\/div>\n\n\n\n<\/div>\n\n<\/div>\n\n<\/div>","protected":false},"excerpt":{"rendered":"","protected":false},"author":1,"featured_media":0,"parent":0,"menu_order":0,"comment_status":"closed","ping_status":"closed","template":"","meta":{"_uag_custom_page_level_css":"","site-sidebar-layout":"no-sidebar","site-content-layout":"plain-container","ast-site-content-layout":"full-width-container","site-content-style":"unboxed","site-sidebar-style":"unboxed","ast-global-header-display":"","ast-banner-title-visibility":"","ast-main-header-display":"","ast-hfb-above-header-display":"","ast-hfb-below-header-display":"","ast-hfb-mobile-header-display":"","site-post-title":"","ast-breadcrumbs-content":"","ast-featured-img":"disabled","footer-sml-layout":"","ast-disable-related-posts":"","theme-transparent-header-meta":"disabled","adv-header-id-meta":"","stick-header-meta":"","header-above-stick-meta":"","header-main-stick-meta":"","header-below-stick-meta":"","astra-migrate-meta-layouts":"set","ast-page-background-enabled":"default","ast-page-background-meta":{"desktop":{"background-color":"","background-image":"","background-repeat":"repeat","background-position":"center center","background-size":"auto","background-attachment":"scroll","background-type":"","background-media":"","overlay-type":"","overlay-color":"","overlay-opacity":"","overlay-gradient":""},"tablet":{"background-color":"","background-image":"","background-repeat":"repeat","background-position":"center center","background-size":"auto","background-attachment":"scroll","background-type":"","background-media":"","overlay-type":"","overlay-color":"","overlay-opacity":"","overlay-gradient":""},"mobile":{"background-color":"","background-image":"","background-repeat":"repeat","background-position":"center center","background-size":"auto","background-attachment":"scroll","background-type":"","background-media":"","overlay-type":"","overlay-color":"","overlay-opacity":"","overlay-gradient":""}},"ast-content-background-meta":{"desktop":{"background-color":"var(--ast-global-color-5)","background-image":"","background-repeat":"repeat","background-position":"center center","background-size":"auto","background-attachment":"scroll","background-type":"","background-media":"","overlay-type":"","overlay-color":"","overlay-opacity":"","overlay-gradient":""},"tablet":{"background-color":"var(--ast-global-color-5)","background-image":"","background-repeat":"repeat","background-position":"center center","background-size":"auto","background-attachment":"scroll","background-type":"","background-media":"","overlay-type":"","overlay-color":"","overlay-opacity":"","overlay-gradient":""},"mobile":{"background-color":"var(--ast-global-color-5)","background-image":"","background-repeat":"repeat","background-position":"center center","background-size":"auto","background-attachment":"scroll","background-type":"","background-media":"","overlay-type":"","overlay-color":"","overlay-opacity":"","overlay-gradient":""}},"footnotes":""},"class_list":["post-368","page","type-page","status-publish","hentry"],"aioseo_notices":[],"uagb_featured_image_src":{"full":false,"thumbnail":false,"medium":false,"medium_large":false,"large":false,"1536x1536":false,"2048x2048":false,"trp-custom-language-flag":false},"uagb_author_info":{"display_name":"admin","author_link":"https:\/\/ravensteinamhallacker.com\/de\/author\/admin\/"},"uagb_comment_info":0,"uagb_excerpt":null,"jetpack_sharing_enabled":true,"_links":{"self":[{"href":"https:\/\/ravensteinamhallacker.com\/de\/wp-json\/wp\/v2\/pages\/368","targetHints":{"allow":["GET"]}}],"collection":[{"href":"https:\/\/ravensteinamhallacker.com\/de\/wp-json\/wp\/v2\/pages"}],"about":[{"href":"https:\/\/ravensteinamhallacker.com\/de\/wp-json\/wp\/v2\/types\/page"}],"author":[{"embeddable":true,"href":"https:\/\/ravensteinamhallacker.com\/de\/wp-json\/wp\/v2\/users\/1"}],"replies":[{"embeddable":true,"href":"https:\/\/ravensteinamhallacker.com\/de\/wp-json\/wp\/v2\/comments?post=368"}],"version-history":[{"count":41,"href":"https:\/\/ravensteinamhallacker.com\/de\/wp-json\/wp\/v2\/pages\/368\/revisions"}],"predecessor-version":[{"id":4180,"href":"https:\/\/ravensteinamhallacker.com\/de\/wp-json\/wp\/v2\/pages\/368\/revisions\/4180"}],"wp:attachment":[{"href":"https:\/\/ravensteinamhallacker.com\/de\/wp-json\/wp\/v2\/media?parent=368"}],"curies":[{"name":"wp","href":"https:\/\/api.w.org\/{rel}","templated":true}]}}