{"id":3749,"date":"2025-12-10T14:31:47","date_gmt":"2025-12-10T14:31:47","guid":{"rendered":"https:\/\/ravensteinamhallacker.com\/?page_id=3749"},"modified":"2026-03-28T11:31:33","modified_gmt":"2026-03-28T11:31:33","slug":"nieuws","status":"publish","type":"page","link":"https:\/\/ravensteinamhallacker.com\/de\/nieuws\/","title":{"rendered":"Nachrichten"},"content":{"rendered":"<div class=\"wp-block-group has-ast-global-color-0-color has-text-color has-background has-link-color has-medium-font-size wp-elements-d1db389028fb21db6b96bf2da42df7a0 is-layout-constrained wp-container-core-group-is-layout-478ce7f7 wp-block-group-is-layout-constrained\" style=\"background-color:#1f3d2b;padding-top:28px;padding-right:24px;padding-bottom:28px;padding-left:24px\">\n<div class=\"wp-block-columns is-layout-flex wp-container-core-columns-is-layout-28f84493 wp-block-columns-is-layout-flex\">\n<div class=\"wp-block-column is-layout-flow wp-block-column-is-layout-flow\">\n<figure data-spectra-id=\"spectra-mk6s2jfi-cmzu1z\" class=\"wp-block-image aligncenter size-large is-style-default\"><img loading=\"lazy\" decoding=\"async\" width=\"728\" height=\"1024\" src=\"https:\/\/ravensteinamhallacker.com\/wp-content\/uploads\/2026\/03\/ravenstein-bord-728x1024.jpeg\" alt=\"ravenstein bord\" class=\"wp-image-4174\" title=\"Nachrichten\" srcset=\"https:\/\/ravensteinamhallacker.com\/wp-content\/uploads\/2026\/03\/ravenstein-bord-728x1024.jpeg 728w, https:\/\/ravensteinamhallacker.com\/wp-content\/uploads\/2026\/03\/ravenstein-bord-213x300.jpeg 213w, https:\/\/ravensteinamhallacker.com\/wp-content\/uploads\/2026\/03\/ravenstein-bord-768x1081.jpeg 768w, https:\/\/ravensteinamhallacker.com\/wp-content\/uploads\/2026\/03\/ravenstein-bord-9x12.jpeg 9w, https:\/\/ravensteinamhallacker.com\/wp-content\/uploads\/2026\/03\/ravenstein-bord.jpeg 1036w\" sizes=\"auto, (max-width: 728px) 100vw, 728px\" \/><\/figure>\n<\/div>\n\n\n\n<div class=\"wp-block-column is-layout-flow wp-block-column-is-layout-flow\" style=\"padding-top:var(--wp--preset--spacing--80);padding-right:0;padding-bottom:var(--wp--preset--spacing--80);padding-left:0;flex-basis:60%\">\n<h6 class=\"wp-block-heading has-text-align-right has-ast-global-color-1-color has-text-color has-link-color has-small-font-size wp-elements-8b7f83e4b16f5ab5dedd355de17a4a7a\">M\u00e4rz 2026<\/h6>\n\n\n\n<h4 class=\"wp-block-heading has-ast-global-color-0-color has-text-color has-link-color wp-elements-85128027db208414fd77de9c8191b2c2\">Endlich ist es so weit...<\/h4>\n\n\n\n<p class=\"has-text-align-left has-ast-global-color-4-color has-text-color has-link-color wp-elements-0cdb9219ffe3b39cf353399b03962dbe\">Nach neun Monaten harter Arbeit ist es nun endlich soweit: bei <strong>3. April \u00f6ffnen wir unsere T\u00fcren<\/strong>.<\/p>\n\n\n\n<p class=\"has-ast-global-color-4-color has-text-color has-link-color wp-elements-ba37a1954dc0260bfa982509e365bfd9\">In den letzten Monaten hat sich hinter den Kulissen viel getan und wir sind stolz darauf, Sie jetzt begr\u00fc\u00dfen zu k\u00f6nnen. Im Moment schneit es noch im sch\u00f6nen Sauerland, aber wir freuen uns schon auf die Tage, an denen Sie unsere Terrasse f\u00fcllen und die Kinder auf dem Spielplatz spielen. Wir freuen uns schon darauf, Ravenstein am Hallacker mit Ihnen zum Leben zu erwecken.<\/p>\n\n\n\n<p class=\"has-ast-global-color-4-color has-text-color has-link-color wp-elements-39879f04155f7843eb541e04c9a90e02\">F\u00fcr uns ist dies der Beginn von etwas wirklich Gro\u00dfem, und wir hoffen, dass Sie vom ersten Moment an dabei sein werden. Dar\u00fcber hinaus planen wir eine weitere gro\u00dfe offizielle Er\u00f6ffnung im Sommer, \u00fcber die wir nat\u00fcrlich sp\u00e4ter mehr berichten werden.<\/p>\n\n\n\n<p class=\"has-ast-global-color-4-color has-text-color has-link-color wp-elements-f692caecda7250a16162d4894442a6ba\">M\u00f6chten Sie \u00fcber alle Neuigkeiten, Aktualisierungen und Pl\u00e4ne auf dem Laufenden bleiben?<br>Wenn ja, sollten Sie unsere sozialen Netzwerke und unsere Website im Auge behalten.<\/p>\n\n\n\n<p class=\"has-text-align-left has-ast-global-color-4-color has-text-color has-link-color wp-elements-5bfe00e4304e7cd7f05942830e8d54e5\">Ich freue mich darauf, Sie bald wiederzusehen!<\/p>\n<\/div>\n<\/div>\n<\/div>\n\n\n\n<div class=\"wp-block-group has-ast-global-color-0-color has-text-color has-background has-link-color has-medium-font-size wp-elements-4f550c320f20cbcbb9d0c0acf8ccbc6a is-layout-constrained wp-container-core-group-is-layout-478ce7f7 wp-block-group-is-layout-constrained\" style=\"background-color:#1f3d2b;padding-top:28px;padding-right:24px;padding-bottom:28px;padding-left:24px\">\n<div class=\"wp-block-columns is-layout-flex wp-container-core-columns-is-layout-28f84493 wp-block-columns-is-layout-flex\">\n<div class=\"wp-block-column is-layout-flow wp-block-column-is-layout-flow\">\n<figure data-spectra-id=\"spectra-465705c7-d840-4271-9c92-826ef309efd8\" class=\"wp-block-image aligncenter size-large is-resized is-style-default\"><img loading=\"lazy\" decoding=\"async\" width=\"683\" height=\"1024\" src=\"https:\/\/ravensteinamhallacker.com\/wp-content\/uploads\/2026\/01\/WhatsApp-Image-2026-01-08-at-18.18.38-683x1024.jpeg\" alt=\"whatsapp image 2026 01 08 at 18.18.38\" class=\"wp-image-3842\" title=\"Nachrichten\" srcset=\"https:\/\/ravensteinamhallacker.com\/wp-content\/uploads\/2026\/01\/WhatsApp-Image-2026-01-08-at-18.18.38-683x1024.jpeg 683w, https:\/\/ravensteinamhallacker.com\/wp-content\/uploads\/2026\/01\/WhatsApp-Image-2026-01-08-at-18.18.38-200x300.jpeg 200w, https:\/\/ravensteinamhallacker.com\/wp-content\/uploads\/2026\/01\/WhatsApp-Image-2026-01-08-at-18.18.38-768x1152.jpeg 768w, https:\/\/ravensteinamhallacker.com\/wp-content\/uploads\/2026\/01\/WhatsApp-Image-2026-01-08-at-18.18.38.jpeg 1024w\" sizes=\"auto, (max-width: 683px) 100vw, 683px\" \/><\/figure>\n<\/div>\n\n\n\n<div class=\"wp-block-column is-layout-flow wp-block-column-is-layout-flow\" style=\"padding-top:var(--wp--preset--spacing--80);padding-right:0;padding-bottom:var(--wp--preset--spacing--80);padding-left:0;flex-basis:60%\">\n<h6 class=\"wp-block-heading has-text-align-right has-ast-global-color-1-color has-text-color has-link-color has-small-font-size wp-elements-0e773fe57df691c50eeba7d0cec3a889\">Januar 2026<\/h6>\n\n\n\n<h4 class=\"wp-block-heading has-ast-global-color-0-color has-text-color has-link-color wp-elements-8baa97b03e8b12b56e027c29131bf93d\">Wir sind kurz vor der Er\u00f6ffnung...<\/h4>\n\n\n\n<p class=\"has-text-align-left has-ast-global-color-4-color has-text-color has-link-color wp-elements-898a6967b878b2bdc545c832645fcee9\">Abgerissen, wiederaufgebaut, gestrichen und erneuert. Oftmals zur gleichen Zeit, manchmal auch abwechselnd.<br>Mit der ganzen Familie und lieben Freunden, die jetzt genau wissen, warum sie ihr eigenes Haus nie selbst umgestalten.<\/p>\n\n\n\n<p class=\"has-text-align-left has-ast-global-color-4-color has-text-color has-link-color wp-elements-5ed8e4e6d777ba3d9dfbc531f75e6d6c\">Chaos? Unbedingt. Fortschritt sogar noch mehr.<br>Und ja, wir wissen jetzt genau, wo alle Steckdosen sind, und mehr.<\/p>\n\n\n\n<p class=\"has-text-align-left has-ast-global-color-4-color has-text-color has-link-color wp-elements-ea07d9ded094497afd7b30d1a9bb5a56\">Nur noch ein kleines St\u00fcck, dann \u00f6ffnen wir die T\u00fcr f\u00fcr Sie.<br>Verfolgen Sie unser Abenteuer - und wir sehen uns sp\u00e4ter am Tisch.<\/p>\n<\/div>\n<\/div>\n<\/div>\n\n\n\n<p class=\"has-background\" style=\"background-color:#1f3d2b\"><\/p>","protected":false},"excerpt":{"rendered":"<p>Maart 2026 Eindelijk is het zover&#8230; Na 9 maanden hard werken is het eindelijk zover: op 3 april openen wij onze deuren. Achter de schermen is er de afgelopen maanden ontzettend veel gebeurd en we zijn trots dat we nu klaar zijn om jullie te ontvangen. Nu sneeuwt het nog in het mooie Sauerland, maar [&hellip;]<\/p>\n","protected":false},"author":1,"featured_media":0,"parent":0,"menu_order":0,"comment_status":"closed","ping_status":"closed","template":"","meta":{"_uag_custom_page_level_css":"","site-sidebar-layout":"no-sidebar","site-content-layout":"","ast-site-content-layout":"full-width-container","site-content-style":"unboxed","site-sidebar-style":"default","ast-global-header-display":"","ast-banner-title-visibility":"disabled","ast-main-header-display":"","ast-hfb-above-header-display":"","ast-hfb-below-header-display":"","ast-hfb-mobile-header-display":"","site-post-title":"","ast-breadcrumbs-content":"","ast-featured-img":"","footer-sml-layout":"","ast-disable-related-posts":"","theme-transparent-header-meta":"disabled","adv-header-id-meta":"","stick-header-meta":"","header-above-stick-meta":"","header-main-stick-meta":"","header-below-stick-meta":"","astra-migrate-meta-layouts":"set","ast-page-background-enabled":"default","ast-page-background-meta":{"desktop":{"background-color":"","background-image":"","background-repeat":"repeat","background-position":"center center","background-size":"auto","background-attachment":"scroll","background-type":"","background-media":"","overlay-type":"","overlay-color":"","overlay-opacity":"","overlay-gradient":""},"tablet":{"background-color":"","background-image":"","background-repeat":"repeat","background-position":"center center","background-size":"auto","background-attachment":"scroll","background-type":"","background-media":"","overlay-type":"","overlay-color":"","overlay-opacity":"","overlay-gradient":""},"mobile":{"background-color":"","background-image":"","background-repeat":"repeat","background-position":"center center","background-size":"auto","background-attachment":"scroll","background-type":"","background-media":"","overlay-type":"","overlay-color":"","overlay-opacity":"","overlay-gradient":""}},"ast-content-background-meta":{"desktop":{"background-color":"var(--ast-global-color-5)","background-image":"","background-repeat":"repeat","background-position":"center center","background-size":"auto","background-attachment":"scroll","background-type":"","background-media":"","overlay-type":"","overlay-color":"","overlay-opacity":"","overlay-gradient":""},"tablet":{"background-color":"var(--ast-global-color-5)","background-image":"","background-repeat":"repeat","background-position":"center center","background-size":"auto","background-attachment":"scroll","background-type":"","background-media":"","overlay-type":"","overlay-color":"","overlay-opacity":"","overlay-gradient":""},"mobile":{"background-color":"var(--ast-global-color-5)","background-image":"","background-repeat":"repeat","background-position":"center center","background-size":"auto","background-attachment":"scroll","background-type":"","background-media":"","overlay-type":"","overlay-color":"","overlay-opacity":"","overlay-gradient":""}},"footnotes":""},"class_list":["post-3749","page","type-page","status-publish","hentry"],"aioseo_notices":[],"uagb_featured_image_src":{"full":false,"thumbnail":false,"medium":false,"medium_large":false,"large":false,"1536x1536":false,"2048x2048":false,"trp-custom-language-flag":false},"uagb_author_info":{"display_name":"admin","author_link":"https:\/\/ravensteinamhallacker.com\/de\/author\/admin\/"},"uagb_comment_info":0,"uagb_excerpt":"Maart 2026 Eindelijk is het zover&#8230; Na 9 maanden hard werken is het eindelijk zover: op 3 april openen wij onze deuren. Achter de schermen is er de afgelopen maanden ontzettend veel gebeurd en we zijn trots dat we nu klaar zijn om jullie te ontvangen. Nu sneeuwt het nog in het mooie Sauerland, maar&hellip;","jetpack_sharing_enabled":true,"_links":{"self":[{"href":"https:\/\/ravensteinamhallacker.com\/de\/wp-json\/wp\/v2\/pages\/3749","targetHints":{"allow":["GET"]}}],"collection":[{"href":"https:\/\/ravensteinamhallacker.com\/de\/wp-json\/wp\/v2\/pages"}],"about":[{"href":"https:\/\/ravensteinamhallacker.com\/de\/wp-json\/wp\/v2\/types\/page"}],"author":[{"embeddable":true,"href":"https:\/\/ravensteinamhallacker.com\/de\/wp-json\/wp\/v2\/users\/1"}],"replies":[{"embeddable":true,"href":"https:\/\/ravensteinamhallacker.com\/de\/wp-json\/wp\/v2\/comments?post=3749"}],"version-history":[{"count":11,"href":"https:\/\/ravensteinamhallacker.com\/de\/wp-json\/wp\/v2\/pages\/3749\/revisions"}],"predecessor-version":[{"id":4176,"href":"https:\/\/ravensteinamhallacker.com\/de\/wp-json\/wp\/v2\/pages\/3749\/revisions\/4176"}],"wp:attachment":[{"href":"https:\/\/ravensteinamhallacker.com\/de\/wp-json\/wp\/v2\/media?parent=3749"}],"curies":[{"name":"wp","href":"https:\/\/api.w.org\/{rel}","templated":true}]}}